{"id":695,"date":"2022-11-28T15:34:46","date_gmt":"2022-11-28T15:34:46","guid":{"rendered":"https:\/\/lomintegral.com\/?page_id=695"},"modified":"2023-02-01T09:53:03","modified_gmt":"2023-02-01T09:53:03","slug":"equipo-lom","status":"publish","type":"page","link":"https:\/\/lomintegral.com\/index.php\/equipo-lom\/","title":{"rendered":"zEquipo LOM"},"content":{"rendered":"\t\t<div data-elementor-type=\"wp-page\" data-elementor-id=\"695\" class=\"elementor elementor-695\">\n\t\t\t\t\t\t\t\t\t<section class=\"elementor-section elementor-top-section elementor-element elementor-element-22c3876 elementor-section-boxed elementor-section-height-default elementor-section-height-default\" data-id=\"22c3876\" data-element_type=\"section\">\n\t\t\t\t\t\t<div class=\"elementor-container elementor-column-gap-default\">\n\t\t\t\t\t<div class=\"elementor-column elementor-col-100 elementor-top-column elementor-element elementor-element-e46cbf3\" data-id=\"e46cbf3\" data-element_type=\"column\">\n\t\t\t<div class=\"elementor-widget-wrap elementor-element-populated\">\n\t\t\t\t\t\t\t\t<div class=\"elementor-element elementor-element-1c39f03 elementor-widget elementor-widget-spacer\" data-id=\"1c39f03\" data-element_type=\"widget\" data-widget_type=\"spacer.default\">\n\t\t\t\t<div class=\"elementor-widget-container\">\n\t\t\t<style>\/*! elementor - v3.15.0 - 20-08-2023 *\/\n.elementor-column .elementor-spacer-inner{height:var(--spacer-size)}.e-con{--container-widget-width:100%}.e-con-inner>.elementor-widget-spacer,.e-con>.elementor-widget-spacer{width:var(--container-widget-width,var(--spacer-size));--align-self:var(--container-widget-align-self,initial);--flex-shrink:0}.e-con-inner>.elementor-widget-spacer>.elementor-widget-container,.e-con-inner>.elementor-widget-spacer>.elementor-widget-container>.elementor-spacer,.e-con>.elementor-widget-spacer>.elementor-widget-container,.e-con>.elementor-widget-spacer>.elementor-widget-container>.elementor-spacer{height:100%}.e-con-inner>.elementor-widget-spacer>.elementor-widget-container>.elementor-spacer>.elementor-spacer-inner,.e-con>.elementor-widget-spacer>.elementor-widget-container>.elementor-spacer>.elementor-spacer-inner{height:var(--container-widget-height,var(--spacer-size))}<\/style>\t\t<div class=\"elementor-spacer\">\n\t\t\t<div class=\"elementor-spacer-inner\"><\/div>\n\t\t<\/div>\n\t\t\t\t<\/div>\n\t\t\t\t<\/div>\n\t\t\t\t\t<\/div>\n\t\t<\/div>\n\t\t\t\t\t\t\t<\/div>\n\t\t<\/section>\n\t\t\t\t<section class=\"elementor-section elementor-top-section elementor-element elementor-element-44fa67ef elementor-section-boxed elementor-section-height-default elementor-section-height-default\" data-id=\"44fa67ef\" data-element_type=\"section\">\n\t\t\t\t\t\t<div class=\"elementor-container elementor-column-gap-default\">\n\t\t\t\t\t<div class=\"elementor-column elementor-col-100 elementor-top-column elementor-element elementor-element-739654bb\" data-id=\"739654bb\" data-element_type=\"column\">\n\t\t\t<div class=\"elementor-widget-wrap elementor-element-populated\">\n\t\t\t\t\t\t\t\t<div class=\"elementor-element elementor-element-35282c90 elementor-widget elementor-widget-heading\" data-id=\"35282c90\" data-element_type=\"widget\" data-widget_type=\"heading.default\">\n\t\t\t\t<div class=\"elementor-widget-container\">\n\t\t\t<style>\/*! elementor - v3.15.0 - 20-08-2023 *\/\n.elementor-heading-title{padding:0;margin:0;line-height:1}.elementor-widget-heading .elementor-heading-title[class*=elementor-size-]>a{color:inherit;font-size:inherit;line-height:inherit}.elementor-widget-heading .elementor-heading-title.elementor-size-small{font-size:15px}.elementor-widget-heading .elementor-heading-title.elementor-size-medium{font-size:19px}.elementor-widget-heading .elementor-heading-title.elementor-size-large{font-size:29px}.elementor-widget-heading .elementor-heading-title.elementor-size-xl{font-size:39px}.elementor-widget-heading .elementor-heading-title.elementor-size-xxl{font-size:59px}<\/style><h1 class=\"elementor-heading-title elementor-size-default\">Equipo Directivo<\/h1>\t\t<\/div>\n\t\t\t\t<\/div>\n\t\t\t\t<div class=\"elementor-element elementor-element-2cf0c96f elementor-widget elementor-widget-heading\" data-id=\"2cf0c96f\" data-element_type=\"widget\" data-widget_type=\"heading.default\">\n\t\t\t\t<div class=\"elementor-widget-container\">\n\t\t\t<h3 class=\"elementor-heading-title elementor-size-default\">El equipo directivo de  LOM Integral lo forman 4 profesionales vinculados a los servicios integrales para distintas entidades y la celebraci\u00f3n de eventos desde hace m\u00e1s de 15 a\u00f1os. Diferentes funciones y fortalezas que conforman un equipo multidisciplinar cuya mayor virtud es la autoexigencia.<\/h3>\t\t<\/div>\n\t\t\t\t<\/div>\n\t\t\t\t<section class=\"elementor-section elementor-inner-section elementor-element elementor-element-7a6af504 elementor-section-boxed elementor-section-height-default elementor-section-height-default\" data-id=\"7a6af504\" data-element_type=\"section\">\n\t\t\t\t\t\t<div class=\"elementor-container elementor-column-gap-default\">\n\t\t\t\t\t<div class=\"elementor-column elementor-col-25 elementor-inner-column elementor-element elementor-element-5f7edaf3\" data-id=\"5f7edaf3\" data-element_type=\"column\">\n\t\t\t<div class=\"elementor-widget-wrap elementor-element-populated\">\n\t\t\t\t\t\t\t\t<div class=\"elementor-element elementor-element-63296d1c elementor-hidden-desktop elementor-hidden-tablet elementor-hidden-mobile elementor-widget elementor-widget-image\" data-id=\"63296d1c\" data-element_type=\"widget\" data-widget_type=\"image.default\">\n\t\t\t\t<div class=\"elementor-widget-container\">\n\t\t\t<style>\/*! elementor - v3.15.0 - 20-08-2023 *\/\n.elementor-widget-image{text-align:center}.elementor-widget-image a{display:inline-block}.elementor-widget-image a img[src$=\".svg\"]{width:48px}.elementor-widget-image img{vertical-align:middle;display:inline-block}<\/style>\t\t\t\t\t\t\t\t\t\t\t\t<img loading=\"lazy\" decoding=\"async\" width=\"400\" height=\"400\" src=\"https:\/\/lomintegral.com\/wp-content\/uploads\/2022\/11\/Equipo1.jpg\" class=\"attachment-large size-large wp-image-617\" alt=\"\" srcset=\"https:\/\/lomintegral.com\/wp-content\/uploads\/2022\/11\/Equipo1.jpg 400w, https:\/\/lomintegral.com\/wp-content\/uploads\/2022\/11\/Equipo1-300x300.jpg 300w, https:\/\/lomintegral.com\/wp-content\/uploads\/2022\/11\/Equipo1-150x150.jpg 150w\" sizes=\"auto, (max-width: 400px) 100vw, 400px\" \/>\t\t\t\t\t\t\t\t\t\t\t\t\t\t\t<\/div>\n\t\t\t\t<\/div>\n\t\t\t\t<div class=\"elementor-element elementor-element-1eb8b925 elementor-widget elementor-widget-heading\" data-id=\"1eb8b925\" data-element_type=\"widget\" data-widget_type=\"heading.default\">\n\t\t\t\t<div class=\"elementor-widget-container\">\n\t\t\t<h2 class=\"elementor-heading-title elementor-size-default\">Juan Manuel P\u00e9rez<\/h2>\t\t<\/div>\n\t\t\t\t<\/div>\n\t\t\t\t<div class=\"elementor-element elementor-element-213b8814 elementor-widget elementor-widget-text-editor\" data-id=\"213b8814\" data-element_type=\"widget\" data-widget_type=\"text-editor.default\">\n\t\t\t\t<div class=\"elementor-widget-container\">\n\t\t\t<style>\/*! elementor - v3.15.0 - 20-08-2023 *\/\n.elementor-widget-text-editor.elementor-drop-cap-view-stacked .elementor-drop-cap{background-color:#69727d;color:#fff}.elementor-widget-text-editor.elementor-drop-cap-view-framed .elementor-drop-cap{color:#69727d;border:3px solid;background-color:transparent}.elementor-widget-text-editor:not(.elementor-drop-cap-view-default) .elementor-drop-cap{margin-top:8px}.elementor-widget-text-editor:not(.elementor-drop-cap-view-default) .elementor-drop-cap-letter{width:1em;height:1em}.elementor-widget-text-editor .elementor-drop-cap{float:left;text-align:center;line-height:1;font-size:50px}.elementor-widget-text-editor .elementor-drop-cap-letter{display:inline-block}<\/style>\t\t\t\t<p>Socio Fundador de LOM Integral.<\/p><p>Responsable de coordinaci\u00f3n de las distintas actividades.<\/p>\t\t\t\t\t\t<\/div>\n\t\t\t\t<\/div>\n\t\t\t\t\t<\/div>\n\t\t<\/div>\n\t\t\t\t<div class=\"elementor-column elementor-col-25 elementor-inner-column elementor-element elementor-element-127441a8\" data-id=\"127441a8\" data-element_type=\"column\">\n\t\t\t<div class=\"elementor-widget-wrap elementor-element-populated\">\n\t\t\t\t\t\t\t\t<div class=\"elementor-element elementor-element-5818c5d elementor-hidden-desktop elementor-hidden-tablet elementor-hidden-mobile elementor-widget elementor-widget-image\" data-id=\"5818c5d\" data-element_type=\"widget\" data-widget_type=\"image.default\">\n\t\t\t\t<div class=\"elementor-widget-container\">\n\t\t\t\t\t\t\t\t\t\t\t\t\t\t\t<img loading=\"lazy\" decoding=\"async\" width=\"400\" height=\"400\" src=\"https:\/\/lomintegral.com\/wp-content\/uploads\/2022\/11\/Equipo1.jpg\" class=\"attachment-large size-large wp-image-617\" alt=\"\" srcset=\"https:\/\/lomintegral.com\/wp-content\/uploads\/2022\/11\/Equipo1.jpg 400w, https:\/\/lomintegral.com\/wp-content\/uploads\/2022\/11\/Equipo1-300x300.jpg 300w, https:\/\/lomintegral.com\/wp-content\/uploads\/2022\/11\/Equipo1-150x150.jpg 150w\" sizes=\"auto, (max-width: 400px) 100vw, 400px\" \/>\t\t\t\t\t\t\t\t\t\t\t\t\t\t\t<\/div>\n\t\t\t\t<\/div>\n\t\t\t\t<div class=\"elementor-element elementor-element-4c3918d2 elementor-widget elementor-widget-heading\" data-id=\"4c3918d2\" data-element_type=\"widget\" data-widget_type=\"heading.default\">\n\t\t\t\t<div class=\"elementor-widget-container\">\n\t\t\t<h2 class=\"elementor-heading-title elementor-size-default\">Juan Gan<\/h2>\t\t<\/div>\n\t\t\t\t<\/div>\n\t\t\t\t<div class=\"elementor-element elementor-element-68371243 elementor-widget elementor-widget-text-editor\" data-id=\"68371243\" data-element_type=\"widget\" data-widget_type=\"text-editor.default\">\n\t\t\t\t<div class=\"elementor-widget-container\">\n\t\t\t\t\t\t\t<p>Socio Fundador de LOM Integral.<\/p><p>Responsable del \u00e1rea de productos de limpieza con m\u00e1s de 15 a\u00f1os en el sector de servicios.<\/p>\t\t\t\t\t\t<\/div>\n\t\t\t\t<\/div>\n\t\t\t\t\t<\/div>\n\t\t<\/div>\n\t\t\t\t<div class=\"elementor-column elementor-col-25 elementor-inner-column elementor-element elementor-element-6e12846f\" data-id=\"6e12846f\" data-element_type=\"column\">\n\t\t\t<div class=\"elementor-widget-wrap elementor-element-populated\">\n\t\t\t\t\t\t\t\t<div class=\"elementor-element elementor-element-897ee3b elementor-hidden-desktop elementor-hidden-tablet elementor-hidden-mobile elementor-widget elementor-widget-image\" data-id=\"897ee3b\" data-element_type=\"widget\" data-widget_type=\"image.default\">\n\t\t\t\t<div class=\"elementor-widget-container\">\n\t\t\t\t\t\t\t\t\t\t\t\t\t\t\t<img loading=\"lazy\" decoding=\"async\" width=\"400\" height=\"400\" src=\"https:\/\/lomintegral.com\/wp-content\/uploads\/2022\/11\/Equipo1.jpg\" class=\"attachment-large size-large wp-image-617\" alt=\"\" srcset=\"https:\/\/lomintegral.com\/wp-content\/uploads\/2022\/11\/Equipo1.jpg 400w, https:\/\/lomintegral.com\/wp-content\/uploads\/2022\/11\/Equipo1-300x300.jpg 300w, https:\/\/lomintegral.com\/wp-content\/uploads\/2022\/11\/Equipo1-150x150.jpg 150w\" sizes=\"auto, (max-width: 400px) 100vw, 400px\" \/>\t\t\t\t\t\t\t\t\t\t\t\t\t\t\t<\/div>\n\t\t\t\t<\/div>\n\t\t\t\t<div class=\"elementor-element elementor-element-2571bd89 elementor-widget elementor-widget-heading\" data-id=\"2571bd89\" data-element_type=\"widget\" data-widget_type=\"heading.default\">\n\t\t\t\t<div class=\"elementor-widget-container\">\n\t\t\t<h2 class=\"elementor-heading-title elementor-size-default\">Alberto G\u00f3mez<\/h2>\t\t<\/div>\n\t\t\t\t<\/div>\n\t\t\t\t<div class=\"elementor-element elementor-element-4554b5a9 elementor-widget elementor-widget-text-editor\" data-id=\"4554b5a9\" data-element_type=\"widget\" data-widget_type=\"text-editor.default\">\n\t\t\t\t<div class=\"elementor-widget-container\">\n\t\t\t\t\t\t\t<p>Responsable del departamento operativo.<\/p>\t\t\t\t\t\t<\/div>\n\t\t\t\t<\/div>\n\t\t\t\t\t<\/div>\n\t\t<\/div>\n\t\t\t\t<div class=\"elementor-column elementor-col-25 elementor-inner-column elementor-element elementor-element-45951c7\" data-id=\"45951c7\" data-element_type=\"column\">\n\t\t\t<div class=\"elementor-widget-wrap elementor-element-populated\">\n\t\t\t\t\t\t\t\t<div class=\"elementor-element elementor-element-57d9846 elementor-hidden-desktop elementor-hidden-tablet elementor-hidden-mobile elementor-widget elementor-widget-image\" data-id=\"57d9846\" data-element_type=\"widget\" data-widget_type=\"image.default\">\n\t\t\t\t<div class=\"elementor-widget-container\">\n\t\t\t\t\t\t\t\t\t\t\t\t\t\t\t<img loading=\"lazy\" decoding=\"async\" width=\"400\" height=\"400\" src=\"https:\/\/lomintegral.com\/wp-content\/uploads\/2022\/11\/Equipo1.jpg\" class=\"attachment-large size-large wp-image-617\" alt=\"\" srcset=\"https:\/\/lomintegral.com\/wp-content\/uploads\/2022\/11\/Equipo1.jpg 400w, https:\/\/lomintegral.com\/wp-content\/uploads\/2022\/11\/Equipo1-300x300.jpg 300w, https:\/\/lomintegral.com\/wp-content\/uploads\/2022\/11\/Equipo1-150x150.jpg 150w\" sizes=\"auto, (max-width: 400px) 100vw, 400px\" \/>\t\t\t\t\t\t\t\t\t\t\t\t\t\t\t<\/div>\n\t\t\t\t<\/div>\n\t\t\t\t<div class=\"elementor-element elementor-element-62cd44bd elementor-widget elementor-widget-heading\" data-id=\"62cd44bd\" data-element_type=\"widget\" data-widget_type=\"heading.default\">\n\t\t\t\t<div class=\"elementor-widget-container\">\n\t\t\t<h2 class=\"elementor-heading-title elementor-size-default\">Juan Luis P\u00e9rez<\/h2>\t\t<\/div>\n\t\t\t\t<\/div>\n\t\t\t\t<div class=\"elementor-element elementor-element-4d30ecd5 elementor-widget elementor-widget-text-editor\" data-id=\"4d30ecd5\" data-element_type=\"widget\" data-widget_type=\"text-editor.default\">\n\t\t\t\t<div class=\"elementor-widget-container\">\n\t\t\t\t\t\t\t<p>Responsable del \u00e1rea administrativa.<\/p>\t\t\t\t\t\t<\/div>\n\t\t\t\t<\/div>\n\t\t\t\t\t<\/div>\n\t\t<\/div>\n\t\t\t\t\t\t\t<\/div>\n\t\t<\/section>\n\t\t\t\t\t<\/div>\n\t\t<\/div>\n\t\t\t\t\t\t\t<\/div>\n\t\t<\/section>\n\t\t\t\t\t\t\t<\/div>\n\t\t","protected":false},"excerpt":{"rendered":"<p>Equipo Directivo El equipo directivo de LOM Integral lo forman 4 profesionales vinculados a los servicios integrales para distintas entidades y la celebraci\u00f3n de eventos desde hace m\u00e1s de 15 a\u00f1os. Diferentes funciones y fortalezas que conforman un equipo multidisciplinar cuya mayor virtud es la autoexigencia. Juan Manuel P\u00e9rez Socio Fundador de LOM Integral. Responsable [&hellip;]<\/p>\n","protected":false},"author":1,"featured_media":0,"parent":0,"menu_order":0,"comment_status":"closed","ping_status":"closed","template":"","meta":{"footnotes":""},"class_list":["post-695","page","type-page","status-publish","hentry"],"yoast_head":"<!-- This site is optimized with the Yoast SEO plugin v21.8 - https:\/\/yoast.com\/wordpress\/plugins\/seo\/ -->\n<title>zEquipo LOM - Lom Integral<\/title>\n<meta name=\"robots\" content=\"index, follow, max-snippet:-1, max-image-preview:large, max-video-preview:-1\" \/>\n<link rel=\"canonical\" href=\"https:\/\/lomintegral.com\/index.php\/equipo-lom\/\" \/>\n<meta property=\"og:locale\" content=\"en_US\" \/>\n<meta property=\"og:type\" content=\"article\" \/>\n<meta property=\"og:title\" content=\"zEquipo LOM - Lom Integral\" \/>\n<meta property=\"og:description\" content=\"Equipo Directivo El equipo directivo de LOM Integral lo forman 4 profesionales vinculados a los servicios integrales para distintas entidades y la celebraci\u00f3n de eventos desde hace m\u00e1s de 15 a\u00f1os. Diferentes funciones y fortalezas que conforman un equipo multidisciplinar cuya mayor virtud es la autoexigencia. Juan Manuel P\u00e9rez Socio Fundador de LOM Integral. Responsable [&hellip;]\" \/>\n<meta property=\"og:url\" content=\"https:\/\/lomintegral.com\/index.php\/equipo-lom\/\" \/>\n<meta property=\"og:site_name\" content=\"Lom Integral\" \/>\n<meta property=\"article:modified_time\" content=\"2023-02-01T09:53:03+00:00\" \/>\n<meta property=\"og:image\" content=\"https:\/\/lomintegral.com\/wp-content\/uploads\/2022\/11\/Equipo1.jpg\" \/>\n<meta name=\"twitter:card\" content=\"summary_large_image\" \/>\n<meta name=\"twitter:label1\" content=\"Est. reading time\" \/>\n\t<meta name=\"twitter:data1\" content=\"2 minutes\" \/>\n<script type=\"application\/ld+json\" class=\"yoast-schema-graph\">{\"@context\":\"https:\/\/schema.org\",\"@graph\":[{\"@type\":\"WebPage\",\"@id\":\"https:\/\/lomintegral.com\/index.php\/equipo-lom\/\",\"url\":\"https:\/\/lomintegral.com\/index.php\/equipo-lom\/\",\"name\":\"zEquipo LOM - Lom Integral\",\"isPartOf\":{\"@id\":\"https:\/\/lomintegral.com\/#website\"},\"datePublished\":\"2022-11-28T15:34:46+00:00\",\"dateModified\":\"2023-02-01T09:53:03+00:00\",\"breadcrumb\":{\"@id\":\"https:\/\/lomintegral.com\/index.php\/equipo-lom\/#breadcrumb\"},\"inLanguage\":\"en-US\",\"potentialAction\":[{\"@type\":\"ReadAction\",\"target\":[\"https:\/\/lomintegral.com\/index.php\/equipo-lom\/\"]}]},{\"@type\":\"BreadcrumbList\",\"@id\":\"https:\/\/lomintegral.com\/index.php\/equipo-lom\/#breadcrumb\",\"itemListElement\":[{\"@type\":\"ListItem\",\"position\":1,\"name\":\"Portada\",\"item\":\"https:\/\/lomintegral.com\/\"},{\"@type\":\"ListItem\",\"position\":2,\"name\":\"zEquipo LOM\"}]},{\"@type\":\"WebSite\",\"@id\":\"https:\/\/lomintegral.com\/#website\",\"url\":\"https:\/\/lomintegral.com\/\",\"name\":\"lomintegral.com\",\"description\":\"Servicios Auxiliares para Empresas y Comunidades\",\"publisher\":{\"@id\":\"https:\/\/lomintegral.com\/#organization\"},\"potentialAction\":[{\"@type\":\"SearchAction\",\"target\":{\"@type\":\"EntryPoint\",\"urlTemplate\":\"https:\/\/lomintegral.com\/?s={search_term_string}\"},\"query-input\":\"required name=search_term_string\"}],\"inLanguage\":\"en-US\"},{\"@type\":\"Organization\",\"@id\":\"https:\/\/lomintegral.com\/#organization\",\"name\":\"lomintegral.com\",\"url\":\"https:\/\/lomintegral.com\/\",\"logo\":{\"@type\":\"ImageObject\",\"inLanguage\":\"en-US\",\"@id\":\"https:\/\/lomintegral.com\/#\/schema\/logo\/image\/\",\"url\":\"https:\/\/lomintegral.com\/wp-content\/uploads\/2022\/11\/Logo-LOM-M.png\",\"contentUrl\":\"https:\/\/lomintegral.com\/wp-content\/uploads\/2022\/11\/Logo-LOM-M.png\",\"width\":425,\"height\":150,\"caption\":\"lomintegral.com\"},\"image\":{\"@id\":\"https:\/\/lomintegral.com\/#\/schema\/logo\/image\/\"}}]}<\/script>\n<!-- \/ Yoast SEO plugin. -->","yoast_head_json":{"title":"zEquipo LOM - Lom Integral","robots":{"index":"index","follow":"follow","max-snippet":"max-snippet:-1","max-image-preview":"max-image-preview:large","max-video-preview":"max-video-preview:-1"},"canonical":"https:\/\/lomintegral.com\/index.php\/equipo-lom\/","og_locale":"en_US","og_type":"article","og_title":"zEquipo LOM - Lom Integral","og_description":"Equipo Directivo El equipo directivo de LOM Integral lo forman 4 profesionales vinculados a los servicios integrales para distintas entidades y la celebraci\u00f3n de eventos desde hace m\u00e1s de 15 a\u00f1os. Diferentes funciones y fortalezas que conforman un equipo multidisciplinar cuya mayor virtud es la autoexigencia. Juan Manuel P\u00e9rez Socio Fundador de LOM Integral. Responsable [&hellip;]","og_url":"https:\/\/lomintegral.com\/index.php\/equipo-lom\/","og_site_name":"Lom Integral","article_modified_time":"2023-02-01T09:53:03+00:00","og_image":[{"url":"https:\/\/lomintegral.com\/wp-content\/uploads\/2022\/11\/Equipo1.jpg"}],"twitter_card":"summary_large_image","twitter_misc":{"Est. reading time":"2 minutes"},"schema":{"@context":"https:\/\/schema.org","@graph":[{"@type":"WebPage","@id":"https:\/\/lomintegral.com\/index.php\/equipo-lom\/","url":"https:\/\/lomintegral.com\/index.php\/equipo-lom\/","name":"zEquipo LOM - Lom Integral","isPartOf":{"@id":"https:\/\/lomintegral.com\/#website"},"datePublished":"2022-11-28T15:34:46+00:00","dateModified":"2023-02-01T09:53:03+00:00","breadcrumb":{"@id":"https:\/\/lomintegral.com\/index.php\/equipo-lom\/#breadcrumb"},"inLanguage":"en-US","potentialAction":[{"@type":"ReadAction","target":["https:\/\/lomintegral.com\/index.php\/equipo-lom\/"]}]},{"@type":"BreadcrumbList","@id":"https:\/\/lomintegral.com\/index.php\/equipo-lom\/#breadcrumb","itemListElement":[{"@type":"ListItem","position":1,"name":"Portada","item":"https:\/\/lomintegral.com\/"},{"@type":"ListItem","position":2,"name":"zEquipo LOM"}]},{"@type":"WebSite","@id":"https:\/\/lomintegral.com\/#website","url":"https:\/\/lomintegral.com\/","name":"lomintegral.com","description":"Servicios Auxiliares para Empresas y Comunidades","publisher":{"@id":"https:\/\/lomintegral.com\/#organization"},"potentialAction":[{"@type":"SearchAction","target":{"@type":"EntryPoint","urlTemplate":"https:\/\/lomintegral.com\/?s={search_term_string}"},"query-input":"required name=search_term_string"}],"inLanguage":"en-US"},{"@type":"Organization","@id":"https:\/\/lomintegral.com\/#organization","name":"lomintegral.com","url":"https:\/\/lomintegral.com\/","logo":{"@type":"ImageObject","inLanguage":"en-US","@id":"https:\/\/lomintegral.com\/#\/schema\/logo\/image\/","url":"https:\/\/lomintegral.com\/wp-content\/uploads\/2022\/11\/Logo-LOM-M.png","contentUrl":"https:\/\/lomintegral.com\/wp-content\/uploads\/2022\/11\/Logo-LOM-M.png","width":425,"height":150,"caption":"lomintegral.com"},"image":{"@id":"https:\/\/lomintegral.com\/#\/schema\/logo\/image\/"}}]}},"_links":{"self":[{"href":"https:\/\/lomintegral.com\/index.php\/wp-json\/wp\/v2\/pages\/695","targetHints":{"allow":["GET"]}}],"collection":[{"href":"https:\/\/lomintegral.com\/index.php\/wp-json\/wp\/v2\/pages"}],"about":[{"href":"https:\/\/lomintegral.com\/index.php\/wp-json\/wp\/v2\/types\/page"}],"author":[{"embeddable":true,"href":"https:\/\/lomintegral.com\/index.php\/wp-json\/wp\/v2\/users\/1"}],"replies":[{"embeddable":true,"href":"https:\/\/lomintegral.com\/index.php\/wp-json\/wp\/v2\/comments?post=695"}],"version-history":[{"count":44,"href":"https:\/\/lomintegral.com\/index.php\/wp-json\/wp\/v2\/pages\/695\/revisions"}],"predecessor-version":[{"id":1164,"href":"https:\/\/lomintegral.com\/index.php\/wp-json\/wp\/v2\/pages\/695\/revisions\/1164"}],"wp:attachment":[{"href":"https:\/\/lomintegral.com\/index.php\/wp-json\/wp\/v2\/media?parent=695"}],"curies":[{"name":"wp","href":"https:\/\/api.w.org\/{rel}","templated":true}]}}